{"id":8637,"date":"2016-09-27T14:57:56","date_gmt":"2016-09-27T13:57:56","guid":{"rendered":"https:\/\/nuovo.guidedflorencetours.com\/informazioni-su\/"},"modified":"2025-03-27T17:52:46","modified_gmt":"2025-03-27T16:52:46","slug":"chi-siamo","status":"publish","type":"page","link":"https:\/\/www.guidedflorencetours.com\/it\/chi-siamo\/","title":{"rendered":"Chi siamo"},"content":{"rendered":"\t\t<div data-elementor-type=\"wp-post\" data-elementor-id=\"8637\" class=\"elementor elementor-8637 elementor-465\">\n\t\t\t\t<div class=\"elementor-element elementor-element-3064530 e-con-full e-flex e-con e-parent\" data-id=\"3064530\" data-element_type=\"container\">\n\t\t<div class=\"elementor-element elementor-element-c964fce e-con-full e-flex e-con e-child\" data-id=\"c964fce\" data-element_type=\"container\" data-settings=\"{&quot;background_background&quot;:&quot;classic&quot;}\">\n\t\t\t\t<div class=\"elementor-element elementor-element-445daf2 elementor-widget elementor-widget-heading\" data-id=\"445daf2\" data-element_type=\"widget\" data-widget_type=\"heading.default\">\n\t\t\t\t<div class=\"elementor-widget-container\">\n\t\t\t\t\t<h2 class=\"elementor-heading-title elementor-size-default\">Chi Siamo<\/h2>\t\t\t\t<\/div>\n\t\t\t\t<\/div>\n\t\t<div class=\"elementor-element elementor-element-0515505 e-con-full e-flex e-con e-child\" data-id=\"0515505\" data-element_type=\"container\">\n\t\t\t\t<div class=\"elementor-element elementor-element-68d2bc1 e-transform elementor-widget elementor-widget-heading\" data-id=\"68d2bc1\" data-element_type=\"widget\" data-settings=\"{&quot;_transform_rotateZ_effect&quot;:{&quot;unit&quot;:&quot;px&quot;,&quot;size&quot;:&quot;&quot;,&quot;sizes&quot;:[]},&quot;_transform_rotateZ_effect_tablet&quot;:{&quot;unit&quot;:&quot;deg&quot;,&quot;size&quot;:&quot;&quot;,&quot;sizes&quot;:[]},&quot;_transform_rotateZ_effect_mobile&quot;:{&quot;unit&quot;:&quot;deg&quot;,&quot;size&quot;:&quot;&quot;,&quot;sizes&quot;:[]}}\" data-widget_type=\"heading.default\">\n\t\t\t\t<div class=\"elementor-widget-container\">\n\t\t\t\t\t<h2 class=\"elementor-heading-title elementor-size-default\">Paola Angelini<\/h2>\t\t\t\t<\/div>\n\t\t\t\t<\/div>\n\t\t\t\t<div class=\"elementor-element elementor-element-9db8a11 e-transform elementor-widget elementor-widget-heading\" data-id=\"9db8a11\" data-element_type=\"widget\" data-settings=\"{&quot;_transform_rotateZ_effect&quot;:{&quot;unit&quot;:&quot;px&quot;,&quot;size&quot;:&quot;&quot;,&quot;sizes&quot;:[]},&quot;_transform_rotateZ_effect_tablet&quot;:{&quot;unit&quot;:&quot;deg&quot;,&quot;size&quot;:&quot;&quot;,&quot;sizes&quot;:[]},&quot;_transform_rotateZ_effect_mobile&quot;:{&quot;unit&quot;:&quot;deg&quot;,&quot;size&quot;:&quot;&quot;,&quot;sizes&quot;:[]}}\" data-widget_type=\"heading.default\">\n\t\t\t\t<div class=\"elementor-widget-container\">\n\t\t\t\t\t<h2 class=\"elementor-heading-title elementor-size-default\">Fondatrice di Guided Florence Tours<\/h2>\t\t\t\t<\/div>\n\t\t\t\t<\/div>\n\t\t\t\t<div class=\"elementor-element elementor-element-cad07f6 e-transform elementor-widget elementor-widget-heading\" data-id=\"cad07f6\" data-element_type=\"widget\" data-settings=\"{&quot;_transform_rotateZ_effect&quot;:{&quot;unit&quot;:&quot;px&quot;,&quot;size&quot;:&quot;&quot;,&quot;sizes&quot;:[]},&quot;_transform_rotateZ_effect_tablet&quot;:{&quot;unit&quot;:&quot;deg&quot;,&quot;size&quot;:&quot;&quot;,&quot;sizes&quot;:[]},&quot;_transform_rotateZ_effect_mobile&quot;:{&quot;unit&quot;:&quot;deg&quot;,&quot;size&quot;:&quot;&quot;,&quot;sizes&quot;:[]}}\" data-widget_type=\"heading.default\">\n\t\t\t\t<div class=\"elementor-widget-container\">\n\t\t\t\t\t<h2 class=\"elementor-heading-title elementor-size-default\">Guida turistica autorizzata di Firenze dal 1998<\/h2>\t\t\t\t<\/div>\n\t\t\t\t<\/div>\n\t\t\t\t<div class=\"elementor-element elementor-element-825e780 e-transform elementor-widget elementor-widget-heading\" data-id=\"825e780\" data-element_type=\"widget\" data-settings=\"{&quot;_transform_rotateZ_effect&quot;:{&quot;unit&quot;:&quot;px&quot;,&quot;size&quot;:&quot;&quot;,&quot;sizes&quot;:[]},&quot;_transform_rotateZ_effect_tablet&quot;:{&quot;unit&quot;:&quot;deg&quot;,&quot;size&quot;:&quot;&quot;,&quot;sizes&quot;:[]},&quot;_transform_rotateZ_effect_mobile&quot;:{&quot;unit&quot;:&quot;deg&quot;,&quot;size&quot;:&quot;&quot;,&quot;sizes&quot;:[]}}\" data-widget_type=\"heading.default\">\n\t\t\t\t<div class=\"elementor-widget-container\">\n\t\t\t\t\t<h2 class=\"elementor-heading-title elementor-size-default\">Lingue parlate: Italiano, inglese, tedesco, spagnolo e francese<\/h2>\t\t\t\t<\/div>\n\t\t\t\t<\/div>\n\t\t\t\t<\/div>\n\t\t<div class=\"elementor-element elementor-element-e5f4d21 e-con-full e-flex e-con e-child\" data-id=\"e5f4d21\" data-element_type=\"container\">\n\t\t\t\t<div class=\"elementor-element elementor-element-1993472 elementor-align-center elementor-widget elementor-widget-button\" data-id=\"1993472\" data-element_type=\"widget\" data-widget_type=\"button.default\">\n\t\t\t\t<div class=\"elementor-widget-container\">\n\t\t\t\t\t\t\t\t\t<div class=\"elementor-button-wrapper\">\n\t\t\t\t\t<a class=\"elementor-button elementor-button-link elementor-size-sm\" href=\"https:\/\/www.guidedflorencetours.com\/it\/contatti\/\">\n\t\t\t\t\t\t<span class=\"elementor-button-content-wrapper\">\n\t\t\t\t\t\t\t\t\t<span class=\"elementor-button-text\">Contatti<\/span>\n\t\t\t\t\t<\/span>\n\t\t\t\t\t<\/a>\n\t\t\t\t<\/div>\n\t\t\t\t\t\t\t\t<\/div>\n\t\t\t\t<\/div>\n\t\t\t\t<\/div>\n\t\t\t\t<\/div>\n\t\t<div class=\"elementor-element elementor-element-43500d7 e-con-full e-flex e-con e-child\" data-id=\"43500d7\" data-element_type=\"container\" data-settings=\"{&quot;background_background&quot;:&quot;classic&quot;}\">\n\t\t\t\t<\/div>\n\t\t\t\t<\/div>\n\t\t<div class=\"elementor-element elementor-element-da2a850 e-flex e-con-boxed e-con e-parent\" data-id=\"da2a850\" data-element_type=\"container\">\n\t\t\t\t\t<div class=\"e-con-inner\">\n\t\t\t\t<div class=\"elementor-element elementor-element-fc63c49 elementor-widget elementor-widget-heading\" data-id=\"fc63c49\" data-element_type=\"widget\" data-widget_type=\"heading.default\">\n\t\t\t\t<div class=\"elementor-widget-container\">\n\t\t\t\t\t<h3 class=\"elementor-heading-title elementor-size-default\">Mi considero estremamente fortunata perch\u00e9 nel mio lavoro posso condividere la mia passione con altre persone. Sar\u00e0 un piacere, per me ed i miei partner, condividere questo amore con voi! <\/h3>\t\t\t\t<\/div>\n\t\t\t\t<\/div>\n\t\t\t\t\t<\/div>\n\t\t\t\t<\/div>\n\t\t<div class=\"elementor-element elementor-element-5bcd4f9 e-flex e-con-boxed e-con e-parent\" data-id=\"5bcd4f9\" data-element_type=\"container\">\n\t\t\t\t\t<div class=\"e-con-inner\">\n\t\t<div class=\"elementor-element elementor-element-b8f5183 e-con-full e-flex e-con e-child\" data-id=\"b8f5183\" data-element_type=\"container\">\n\t\t\t\t<div class=\"elementor-element elementor-element-a13cfe6 elementor-widget elementor-widget-heading\" data-id=\"a13cfe6\" data-element_type=\"widget\" data-widget_type=\"heading.default\">\n\t\t\t\t<div class=\"elementor-widget-container\">\n\t\t\t\t\t<h2 class=\"elementor-heading-title elementor-size-default\">Due parole su di me<\/h2>\t\t\t\t<\/div>\n\t\t\t\t<\/div>\n\t\t\t\t<div class=\"elementor-element elementor-element-d66aa92 elementor-widget elementor-widget-text-editor\" data-id=\"d66aa92\" data-element_type=\"widget\" data-widget_type=\"text-editor.default\">\n\t\t\t\t<div class=\"elementor-widget-container\">\n\t\t\t\t\t\t\t\t\tSono cresciuta a Riva del Garda e sono arrivata a Firenze nel 1984, da quando sono arrivata per studiare Scienze Politiche, specializzandomi in storia. Ho un master in marketing e sono guida ufficiale di Firenze dal 1998.<br><br>Sono sposata con Giovanpaolo, fiorentino DOC che mi ha permesso di conoscere a fondo Firenze e la fiorentinit\u00e0 e con il quale ho tre figli Alarigo, Lamberto e Matilde.\t\t\t\t\t\t\t\t<\/div>\n\t\t\t\t<\/div>\n\t\t\t\t<\/div>\n\t\t<div class=\"elementor-element elementor-element-157adde e-con-full e-flex e-con e-child\" data-id=\"157adde\" data-element_type=\"container\" data-settings=\"{&quot;background_background&quot;:&quot;classic&quot;}\">\n\t\t\t\t<\/div>\n\t\t\t\t\t<\/div>\n\t\t\t\t<\/div>\n\t\t<div class=\"elementor-element elementor-element-54d02fc e-flex e-con-boxed e-con e-parent\" data-id=\"54d02fc\" data-element_type=\"container\">\n\t\t\t\t\t<div class=\"e-con-inner\">\n\t\t<div class=\"elementor-element elementor-element-77f18c8 e-con-full e-flex e-con e-child\" data-id=\"77f18c8\" data-element_type=\"container\">\n\t\t\t\t<div class=\"elementor-element elementor-element-33d0d42 elementor-widget elementor-widget-heading\" data-id=\"33d0d42\" data-element_type=\"widget\" data-widget_type=\"heading.default\">\n\t\t\t\t<div class=\"elementor-widget-container\">\n\t\t\t\t\t<h2 class=\"elementor-heading-title elementor-size-default\">La mia vita<\/h2>\t\t\t\t<\/div>\n\t\t\t\t<\/div>\n\t\t\t\t<div class=\"elementor-element elementor-element-67919c4 elementor-widget elementor-widget-text-editor\" data-id=\"67919c4\" data-element_type=\"widget\" data-widget_type=\"text-editor.default\">\n\t\t\t\t<div class=\"elementor-widget-container\">\n\t\t\t\t\t\t\t\t\t<p>Subito dopo il master ho lavorato per qualche tempo come product manager in una grande multinazionale tedesca.<br \/>Tornata a Firenze, insieme a mio marito abbiamo aperto un piccolo albergo che abbiamo ottenuto insieme per 15 anni.<br \/>A quarant&#8217;anni ho deciso di dedicarmi completamente alla mia vera passione: Firenze.<\/p><p>Sono profondamente innamorata di Firenze e fare questo lavoro \u00e8 per me una grande fortuna: posso cos\u00ec condividere la mia passione per questa citt\u00e0 unica al mondo con altre persone. Vedere Firenze con gli occhi dell&#8217;amore regala emozioni e ricordi indelebili.Sono sposata con<br \/>Giovanpaolo, fiorentino DOC che mi ha permesso di conoscere a fondo Firenze e la fiorentinit\u00e0 e con il quale ho tre figli Alarigo, Lamberto e Matilde.<\/p>\t\t\t\t\t\t\t\t<\/div>\n\t\t\t\t<\/div>\n\t\t\t\t<\/div>\n\t\t<div class=\"elementor-element elementor-element-4e9d863 e-con-full e-flex e-con e-child\" data-id=\"4e9d863\" data-element_type=\"container\" data-settings=\"{&quot;background_background&quot;:&quot;classic&quot;}\">\n\t\t\t\t<\/div>\n\t\t\t\t\t<\/div>\n\t\t\t\t<\/div>\n\t\t<div class=\"elementor-element elementor-element-ef9c5f8 e-flex e-con-boxed e-con e-parent\" data-id=\"ef9c5f8\" data-element_type=\"container\">\n\t\t\t\t\t<div class=\"e-con-inner\">\n\t\t<div class=\"elementor-element elementor-element-616de95 e-con-full e-flex e-con e-child\" data-id=\"616de95\" data-element_type=\"container\">\n\t\t\t\t<div class=\"elementor-element elementor-element-559195b elementor-widget elementor-widget-heading\" data-id=\"559195b\" data-element_type=\"widget\" data-widget_type=\"heading.default\">\n\t\t\t\t<div class=\"elementor-widget-container\">\n\t\t\t\t\t<h2 class=\"elementor-heading-title elementor-size-default\">Tour guidati di Firenze<\/h2>\t\t\t\t<\/div>\n\t\t\t\t<\/div>\n\t\t\t\t<div class=\"elementor-element elementor-element-73e4548 elementor-widget elementor-widget-text-editor\" data-id=\"73e4548\" data-element_type=\"widget\" data-widget_type=\"text-editor.default\">\n\t\t\t\t<div class=\"elementor-widget-container\">\n\t\t\t\t\t\t\t\t\t<p>Ho fondato nel 2008 Guided Florence Tours, un gruppo di guide appassionate e competenti, pronte ad accompagnarvi alla scoperta di Firenze. Riusciamo a coprire moltissime lingue e questo rende l&#8217;esperienza accessibile a tutti.<\/p><p><br \/>Insieme, condividiamo l&#8217;amore per questa citt\u00e0 straordinaria che siamo pronti a mostrarvi! Con noi Firenze scoprir\u00e0 i suoi segreti e la sua bellezza.<\/p>\t\t\t\t\t\t\t\t<\/div>\n\t\t\t\t<\/div>\n\t\t\t\t<\/div>\n\t\t<div class=\"elementor-element elementor-element-bd71c93 e-con-full e-flex e-con e-child\" data-id=\"bd71c93\" data-element_type=\"container\" data-settings=\"{&quot;background_background&quot;:&quot;classic&quot;}\">\n\t\t\t\t<\/div>\n\t\t\t\t\t<\/div>\n\t\t\t\t<\/div>\n\t\t<div class=\"elementor-element elementor-element-610eaef e-con-full e-flex e-con e-parent\" data-id=\"610eaef\" data-element_type=\"container\">\n\t\t<div class=\"elementor-element elementor-element-395e4ae e-con-full e-flex e-con e-child\" data-id=\"395e4ae\" data-element_type=\"container\" data-settings=\"{&quot;background_background&quot;:&quot;classic&quot;}\">\n\t\t\t\t<div class=\"elementor-element elementor-element-35fec34 elementor-widget elementor-widget-heading\" data-id=\"35fec34\" data-element_type=\"widget\" data-widget_type=\"heading.default\">\n\t\t\t\t<div class=\"elementor-widget-container\">\n\t\t\t\t\t<h2 class=\"elementor-heading-title elementor-size-default\">Scopri Firenze come mai prima d'ora!<\/h2>\t\t\t\t<\/div>\n\t\t\t\t<\/div>\n\t\t\t\t<div class=\"elementor-element elementor-element-bfeb8d9 elementor-widget elementor-widget-heading\" data-id=\"bfeb8d9\" data-element_type=\"widget\" data-widget_type=\"heading.default\">\n\t\t\t\t<div class=\"elementor-widget-container\">\n\t\t\t\t\t<p class=\"elementor-heading-title elementor-size-default\">Prenota ora il tuo tour con Guided Florence Tours e lasciati incantare dai segreti e dalle meraviglie della citt\u00e0. Salta le code e vivi un'esperienza indimenticabile! <\/p>\t\t\t\t<\/div>\n\t\t\t\t<\/div>\n\t\t\t\t<div class=\"elementor-element elementor-element-58d2cda elementor-align-center elementor-widget elementor-widget-button\" data-id=\"58d2cda\" data-element_type=\"widget\" data-widget_type=\"button.default\">\n\t\t\t\t<div class=\"elementor-widget-container\">\n\t\t\t\t\t\t\t\t\t<div class=\"elementor-button-wrapper\">\n\t\t\t\t\t<a class=\"elementor-button elementor-button-link elementor-size-sm\" href=\"https:\/\/www.guidedflorencetours.com\/it\/contatti\/\">\n\t\t\t\t\t\t<span class=\"elementor-button-content-wrapper\">\n\t\t\t\t\t\t\t\t\t<span class=\"elementor-button-text\">Contattaci<\/span>\n\t\t\t\t\t<\/span>\n\t\t\t\t\t<\/a>\n\t\t\t\t<\/div>\n\t\t\t\t\t\t\t\t<\/div>\n\t\t\t\t<\/div>\n\t\t\t\t<\/div>\n\t\t\t\t<\/div>\n\t\t\t\t<\/div>\n\t\t","protected":false},"excerpt":{"rendered":"<p>Chi Siamo Paola Angelini Fondatrice di Guided Florence Tours Guida turistica autorizzata di Firenze dal 1998 Lingue parlate: Italiano, inglese, tedesco, spagnolo e francese Contatti Mi considero estremamente fortunata perch\u00e9 nel mio lavoro posso condividere la mia passione con altre persone. Sar\u00e0 un piacere, per me ed i miei partner, condividere questo amore con voi! [&hellip;]<\/p>\n","protected":false},"author":1,"featured_media":0,"parent":0,"menu_order":0,"comment_status":"closed","ping_status":"closed","template":"elementor_header_footer","meta":{"footnotes":""},"class_list":["post-8637","page","type-page","status-publish","hentry","entry"],"yoast_head":"<!-- This site is optimized with the Yoast SEO plugin v25.1 - https:\/\/yoast.com\/wordpress\/plugins\/seo\/ -->\n<title>Chi siamo - Guided Florence Tours<\/title>\n<meta name=\"robots\" content=\"index, follow, max-snippet:-1, max-image-preview:large, max-video-preview:-1\" \/>\n<link rel=\"canonical\" href=\"https:\/\/www.guidedflorencetours.com\/about\/\" \/>\n<meta property=\"og:locale\" content=\"it_IT\" \/>\n<meta property=\"og:type\" content=\"article\" \/>\n<meta property=\"og:title\" content=\"Chi siamo - Guided Florence Tours\" \/>\n<meta property=\"og:description\" content=\"Chi Siamo Paola Angelini Fondatrice di Guided Florence Tours Guida turistica autorizzata di Firenze dal 1998 Lingue parlate: Italiano, inglese, tedesco, spagnolo e francese Contatti Mi considero estremamente fortunata perch\u00e9 nel mio lavoro posso condividere la mia passione con altre persone. Sar\u00e0 un piacere, per me ed i miei partner, condividere questo amore con voi! [&hellip;]\" \/>\n<meta property=\"og:url\" content=\"https:\/\/www.guidedflorencetours.com\/about\/\" \/>\n<meta property=\"og:site_name\" content=\"Guided Florence Tours\" \/>\n<meta property=\"article:publisher\" content=\"https:\/\/www.facebook.com\/guidedflorencetours\/\" \/>\n<meta property=\"article:modified_time\" content=\"2025-03-27T16:52:46+00:00\" \/>\n<meta name=\"twitter:card\" content=\"summary_large_image\" \/>\n<script type=\"application\/ld+json\" class=\"yoast-schema-graph\">{\"@context\":\"https:\/\/schema.org\",\"@graph\":[{\"@type\":\"WebPage\",\"@id\":\"https:\/\/www.guidedflorencetours.com\/about\/\",\"url\":\"https:\/\/www.guidedflorencetours.com\/about\/\",\"name\":\"Chi siamo - Guided Florence Tours\",\"isPartOf\":{\"@id\":\"https:\/\/www.guidedflorencetours.com\/it\/#website\"},\"datePublished\":\"2016-09-27T13:57:56+00:00\",\"dateModified\":\"2025-03-27T16:52:46+00:00\",\"breadcrumb\":{\"@id\":\"https:\/\/www.guidedflorencetours.com\/about\/#breadcrumb\"},\"inLanguage\":\"it-IT\",\"potentialAction\":[{\"@type\":\"ReadAction\",\"target\":[\"https:\/\/www.guidedflorencetours.com\/about\/\"]}]},{\"@type\":\"BreadcrumbList\",\"@id\":\"https:\/\/www.guidedflorencetours.com\/about\/#breadcrumb\",\"itemListElement\":[{\"@type\":\"ListItem\",\"position\":1,\"name\":\"Home\",\"item\":\"https:\/\/www.guidedflorencetours.com\/\"},{\"@type\":\"ListItem\",\"position\":2,\"name\":\"Chi siamo\"}]},{\"@type\":\"WebSite\",\"@id\":\"https:\/\/www.guidedflorencetours.com\/it\/#website\",\"url\":\"https:\/\/www.guidedflorencetours.com\/it\/\",\"name\":\"Guided Florence Tours\",\"description\":\"Tour privati e di gruppo a Firenze\",\"publisher\":{\"@id\":\"https:\/\/www.guidedflorencetours.com\/it\/#organization\"},\"potentialAction\":[{\"@type\":\"SearchAction\",\"target\":{\"@type\":\"EntryPoint\",\"urlTemplate\":\"https:\/\/www.guidedflorencetours.com\/it\/?s={search_term_string}\"},\"query-input\":{\"@type\":\"PropertyValueSpecification\",\"valueRequired\":true,\"valueName\":\"search_term_string\"}}],\"inLanguage\":\"it-IT\"},{\"@type\":\"Organization\",\"@id\":\"https:\/\/www.guidedflorencetours.com\/it\/#organization\",\"name\":\"Guided Florence Tours\",\"url\":\"https:\/\/www.guidedflorencetours.com\/it\/\",\"logo\":{\"@type\":\"ImageObject\",\"inLanguage\":\"it-IT\",\"@id\":\"https:\/\/www.guidedflorencetours.com\/it\/#\/schema\/logo\/image\/\",\"url\":\"https:\/\/www.guidedflorencetours.com\/wp-content\/uploads\/2024\/10\/guided-florence-tours-g_2x.png\",\"contentUrl\":\"https:\/\/www.guidedflorencetours.com\/wp-content\/uploads\/2024\/10\/guided-florence-tours-g_2x.png\",\"width\":205,\"height\":50,\"caption\":\"Guided Florence Tours\"},\"image\":{\"@id\":\"https:\/\/www.guidedflorencetours.com\/it\/#\/schema\/logo\/image\/\"},\"sameAs\":[\"https:\/\/www.facebook.com\/guidedflorencetours\/\",\"https:\/\/www.instagram.com\/guided_florence_tours\/\"]}]}<\/script>\n<!-- \/ Yoast SEO plugin. -->","yoast_head_json":{"title":"Chi siamo - Guided Florence Tours","robots":{"index":"index","follow":"follow","max-snippet":"max-snippet:-1","max-image-preview":"max-image-preview:large","max-video-preview":"max-video-preview:-1"},"canonical":"https:\/\/www.guidedflorencetours.com\/about\/","og_locale":"it_IT","og_type":"article","og_title":"Chi siamo - Guided Florence Tours","og_description":"Chi Siamo Paola Angelini Fondatrice di Guided Florence Tours Guida turistica autorizzata di Firenze dal 1998 Lingue parlate: Italiano, inglese, tedesco, spagnolo e francese Contatti Mi considero estremamente fortunata perch\u00e9 nel mio lavoro posso condividere la mia passione con altre persone. Sar\u00e0 un piacere, per me ed i miei partner, condividere questo amore con voi! [&hellip;]","og_url":"https:\/\/www.guidedflorencetours.com\/about\/","og_site_name":"Guided Florence Tours","article_publisher":"https:\/\/www.facebook.com\/guidedflorencetours\/","article_modified_time":"2025-03-27T16:52:46+00:00","twitter_card":"summary_large_image","schema":{"@context":"https:\/\/schema.org","@graph":[{"@type":"WebPage","@id":"https:\/\/www.guidedflorencetours.com\/about\/","url":"https:\/\/www.guidedflorencetours.com\/about\/","name":"Chi siamo - Guided Florence Tours","isPartOf":{"@id":"https:\/\/www.guidedflorencetours.com\/it\/#website"},"datePublished":"2016-09-27T13:57:56+00:00","dateModified":"2025-03-27T16:52:46+00:00","breadcrumb":{"@id":"https:\/\/www.guidedflorencetours.com\/about\/#breadcrumb"},"inLanguage":"it-IT","potentialAction":[{"@type":"ReadAction","target":["https:\/\/www.guidedflorencetours.com\/about\/"]}]},{"@type":"BreadcrumbList","@id":"https:\/\/www.guidedflorencetours.com\/about\/#breadcrumb","itemListElement":[{"@type":"ListItem","position":1,"name":"Home","item":"https:\/\/www.guidedflorencetours.com\/"},{"@type":"ListItem","position":2,"name":"Chi siamo"}]},{"@type":"WebSite","@id":"https:\/\/www.guidedflorencetours.com\/it\/#website","url":"https:\/\/www.guidedflorencetours.com\/it\/","name":"Guided Florence Tours","description":"Tour privati e di gruppo a Firenze","publisher":{"@id":"https:\/\/www.guidedflorencetours.com\/it\/#organization"},"potentialAction":[{"@type":"SearchAction","target":{"@type":"EntryPoint","urlTemplate":"https:\/\/www.guidedflorencetours.com\/it\/?s={search_term_string}"},"query-input":{"@type":"PropertyValueSpecification","valueRequired":true,"valueName":"search_term_string"}}],"inLanguage":"it-IT"},{"@type":"Organization","@id":"https:\/\/www.guidedflorencetours.com\/it\/#organization","name":"Guided Florence Tours","url":"https:\/\/www.guidedflorencetours.com\/it\/","logo":{"@type":"ImageObject","inLanguage":"it-IT","@id":"https:\/\/www.guidedflorencetours.com\/it\/#\/schema\/logo\/image\/","url":"https:\/\/www.guidedflorencetours.com\/wp-content\/uploads\/2024\/10\/guided-florence-tours-g_2x.png","contentUrl":"https:\/\/www.guidedflorencetours.com\/wp-content\/uploads\/2024\/10\/guided-florence-tours-g_2x.png","width":205,"height":50,"caption":"Guided Florence Tours"},"image":{"@id":"https:\/\/www.guidedflorencetours.com\/it\/#\/schema\/logo\/image\/"},"sameAs":["https:\/\/www.facebook.com\/guidedflorencetours\/","https:\/\/www.instagram.com\/guided_florence_tours\/"]}]}},"_links":{"self":[{"href":"https:\/\/www.guidedflorencetours.com\/it\/wp-json\/wp\/v2\/pages\/8637","targetHints":{"allow":["GET"]}}],"collection":[{"href":"https:\/\/www.guidedflorencetours.com\/it\/wp-json\/wp\/v2\/pages"}],"about":[{"href":"https:\/\/www.guidedflorencetours.com\/it\/wp-json\/wp\/v2\/types\/page"}],"author":[{"embeddable":true,"href":"https:\/\/www.guidedflorencetours.com\/it\/wp-json\/wp\/v2\/users\/1"}],"replies":[{"embeddable":true,"href":"https:\/\/www.guidedflorencetours.com\/it\/wp-json\/wp\/v2\/comments?post=8637"}],"version-history":[{"count":5,"href":"https:\/\/www.guidedflorencetours.com\/it\/wp-json\/wp\/v2\/pages\/8637\/revisions"}],"predecessor-version":[{"id":11630,"href":"https:\/\/www.guidedflorencetours.com\/it\/wp-json\/wp\/v2\/pages\/8637\/revisions\/11630"}],"wp:attachment":[{"href":"https:\/\/www.guidedflorencetours.com\/it\/wp-json\/wp\/v2\/media?parent=8637"}],"curies":[{"name":"wp","href":"https:\/\/api.w.org\/{rel}","templated":true}]}}